{"id":97,"date":"2015-06-20T11:31:22","date_gmt":"2015-06-20T08:31:22","guid":{"rendered":"http:\/\/www.liceulsportivcampulung.ro\/?page_id=97"},"modified":"2016-01-31T14:20:24","modified_gmt":"2016-01-31T12:20:24","slug":"rezultate-obtinute-de-elevi","status":"publish","type":"page","link":"https:\/\/www.liceulsportivcampulung.ro\/?page_id=97","title":{"rendered":"Rezultate ob\u021binute"},"content":{"rendered":"<p>[et_pb_section fullwidth=&#8221;off&#8221; specialty=&#8221;off&#8221;][et_pb_row][et_pb_column type=&#8221;4_4&#8243;][et_pb_text admin_label=&#8221;Text&#8221; background_layout=&#8221;light&#8221; text_orientation=&#8221;left&#8221; use_border_color=&#8221;off&#8221; border_color=&#8221;#ffffff&#8221; border_style=&#8221;solid&#8221;]<\/p>\n<p>BILAN\u0162 COMPETI\u0162IONAL<br \/>\n2014<\/p>\n<p>Rezultate Campionate Na\u021bionale S, T, JI, JII, JIII 2014<\/p>\n<p>Locul I &#8211; SAL\u0102<br \/>\n1. PAN\u0162UROIU ANDREEA PENTATLON SENIORI 4138p<br \/>\n2. PAN\u0162UROIU ANDREEA TRIPLU SENIORI 1393p<br \/>\n3. PAN\u0162UROIU ANDREEA PENTATLON TINERET 4138p<br \/>\n4. PAN\u021aUROIU ANDREEA TRIPLU TINERET 1393p<br \/>\n5. PAN\u021aUROIU ANDREEA PENTATLON JI 4138p<br \/>\n6. PAN\u021aUROIU ANDREEA TRIPLU JI 1354p<br \/>\n7. PAN\u021aUROIU ANDREEA 60 mg JI 8,65<br \/>\n8. ILIE GABRIELA CIOCAN JII 56,52<br \/>\nLocul I \u2013 AER LIBER<br \/>\n1. ILIE GABRIELA CIOCAN JII 59,64<br \/>\n2. ILIE GABRIELA GREUTATE JII 14,56<br \/>\nLocul II &#8211; SAL\u0102<br \/>\n1. PAN\u0162UROIU ANDREEA 60 mg TINERET 8,68<br \/>\n2. PAN\u0162UROIU ANDREEA LUNGIME JI 6,15<br \/>\n3. B\u0102RBOIU GEORGE PR\u0102JIN\u0102 JI 4,05<br \/>\n4. ILIE GABRIELA CIOCAN JI 48,90<br \/>\n5. GHEORGHE OANA GREUTATE JII 14,01<br \/>\n6. NEDELCU CRISTIAN PR\u0102JIN\u0102 JII 3,05<br \/>\n7. P\u0102CIOIANU MIHAI HEXATLON JIII 2569p<br \/>\nLocul II \u2013 AER LIBER<br \/>\n1. ILIE GABRIELA CIOCAN TINERET 49,52<br \/>\n2. ILIE GABRIELA CIOCAN JI 53,77<br \/>\n3. B\u0102RBOIU GEORGE PR\u0102JIN\u0102 JI 3,90<br \/>\n4. GHEORGHE OANA GREUTATE JII 14,51<br \/>\nLocul III &#8211; SAL\u0102<br \/>\n1. PAN\u021aUROIU ANDREEA 60 mg SENIORI 8,68<br \/>\n2. PAN\u021aUROIU ANDREEA LUNGIME TINERET 6,04<br \/>\n3. PAN\u0102 GEORGE PR\u0102JIN\u0102 JI 3,65<br \/>\n4. GHEORGHE OANA GREUTATE JI 12,11<br \/>\nLocul III \u2013 AER LIBER<br \/>\n1.GHEORGHE OANA GREUTATE TINERET 12,31<br \/>\n2. GHEORGHE OANA GREUTATE JI 12,10<br \/>\n3. P\u0102CIOIANU MIHAI OCTATLON JIII 3798p<\/p>\n<p>TABEL CENTRALIZATOR<\/p>\n<p>Loc I Loc II Loc III<br \/>\nS 2 &#8211; 1<br \/>\nT 2 2 2<br \/>\nJI 3 5 3<br \/>\nJII 3 3 &#8211;<br \/>\nJIII &#8211; 1 1<br \/>\nTOTAL 10 11 7<br \/>\nTOTAL MEDALII C.N. = 28<\/p>\n<p>CAMPIONATE NA\u0162IONALE \u015eCOLARE<\/p>\n<p>Locul I<br \/>\n1. PAN\u021aUROIU ANDREEA 100mg 14,46<br \/>\nLocul II<br \/>\n1. PAN\u0102 GEORGE PR\u0102JIN\u0102 3,90<br \/>\nLocul III<br \/>\n1. PAN\u021aUROIU ANDREEA TRIPLU 13,21<br \/>\n2. B\u0102RBOIU GEORGE PR\u0102JIN\u0102 3,80<\/p>\n<p>TOTAL MEDALII CAMPIONATE NA\u021aIONALE<br \/>\n\u0218I CAMPIONATELE \u0218COLARE: 32 MEDALII<\/p>\n<p>&#8211; Aur: 11<br \/>\n&#8211; Argint: 12<br \/>\n&#8211; Bronz: 9<\/p>\n<p>REZULTATE PE PLAN INTERNA\u0162IONAL<\/p>\n<p>CAMPIONATELE MONDIALE JI EUGENE SUA 22,27.07.2014<br \/>\n1. PAN\u021aUROIU ANDREEA TRIPLU 13,73 LOC V<\/p>\n<p>CAMPIONATELE INTERNA\u021aIONALE ALE ROM\u00c2NIEI \u2013 CLUJ \u2013 06.06.2014<br \/>\n1. PAN\u021aUROIU ANDREEA TRIPLU 14,20 LOC I<\/p>\n<p>CUPA EUROPEI (ECHIPE SENIORI) \u2013 TALINN \u2013 ESTONIA 21.06.2014<br \/>\n1 PAN\u021aUROIU ANDREEA TRIPLU 13,93 LOC III<\/p>\n<p>JOCURILE BALCANICE DE JUNIORI II \u2013 SLIVAN \u2013 BULGARIA \u2013 05.2014<br \/>\n1. GHEORGHE OANA GREUTATE 13,64 LOC VI<\/p>\n<p>TRIAL OLIMPIC JII \u2013 BAKU \u2013 30.05.2014<br \/>\n1. GHEORGHE OANA GREUTATE 13,23<br \/>\n2. ILIE GABRIELA CIOCAN 52,82<\/p>\n<p>[\/et_pb_text][\/et_pb_column][\/et_pb_row][\/et_pb_section]<\/p>\n","protected":false},"excerpt":{"rendered":"<p>BILAN\u0162 COMPETI\u0162IONAL 2014 Rezultate Campionate Na\u021bionale S, T, JI, JII, JIII 2014 Locul I &#8211; SAL\u0102 1. PAN\u0162UROIU ANDREEA PENTATLON SENIORI 4138p 2. PAN\u0162UROIU ANDREEA TRIPLU SENIORI 1393p 3. PAN\u0162UROIU ANDREEA PENTATLON TINERET 4138p 4. PAN\u021aUROIU ANDREEA TRIPLU TINERET 1393p 5. PAN\u021aUROIU ANDREEA PENTATLON JI 4138p 6. PAN\u021aUROIU ANDREEA TRIPLU JI 1354p 7. PAN\u021aUROIU ANDREEA [&hellip;]<\/p>\n","protected":false},"author":1,"featured_media":0,"parent":0,"menu_order":0,"comment_status":"open","ping_status":"open","template":"","meta":{"_et_pb_use_builder":"on","_et_pb_old_content":"","_et_gb_content_width":""},"_links":{"self":[{"href":"https:\/\/www.liceulsportivcampulung.ro\/index.php?rest_route=\/wp\/v2\/pages\/97"}],"collection":[{"href":"https:\/\/www.liceulsportivcampulung.ro\/index.php?rest_route=\/wp\/v2\/pages"}],"about":[{"href":"https:\/\/www.liceulsportivcampulung.ro\/index.php?rest_route=\/wp\/v2\/types\/page"}],"author":[{"embeddable":true,"href":"https:\/\/www.liceulsportivcampulung.ro\/index.php?rest_route=\/wp\/v2\/users\/1"}],"replies":[{"embeddable":true,"href":"https:\/\/www.liceulsportivcampulung.ro\/index.php?rest_route=%2Fwp%2Fv2%2Fcomments&post=97"}],"version-history":[{"count":13,"href":"https:\/\/www.liceulsportivcampulung.ro\/index.php?rest_route=\/wp\/v2\/pages\/97\/revisions"}],"predecessor-version":[{"id":242,"href":"https:\/\/www.liceulsportivcampulung.ro\/index.php?rest_route=\/wp\/v2\/pages\/97\/revisions\/242"}],"wp:attachment":[{"href":"https:\/\/www.liceulsportivcampulung.ro\/index.php?rest_route=%2Fwp%2Fv2%2Fmedia&parent=97"}],"curies":[{"name":"wp","href":"https:\/\/api.w.org\/{rel}","templated":true}]}}