{"id":90,"date":"2015-06-20T11:28:23","date_gmt":"2015-06-20T08:28:23","guid":{"rendered":"http:\/\/www.liceulsportivcampulung.ro\/?page_id=90"},"modified":"2016-01-31T20:47:47","modified_gmt":"2016-01-31T18:47:47","slug":"galerie-foto","status":"publish","type":"page","link":"https:\/\/www.liceulsportivcampulung.ro\/?page_id=90","title":{"rendered":"Noutati"},"content":{"rendered":"<p>[et_pb_section][et_pb_row][et_pb_column type=&#8221;4_4&#8243;][et_pb_post_title admin_label=&#8221;Titlu postare&#8221; title=&#8221;on&#8221; meta=&#8221;off&#8221; author=&#8221;on&#8221; date=&#8221;on&#8221; categories=&#8221;on&#8221; comments=&#8221;on&#8221; featured_image=&#8221;off&#8221; featured_placement=&#8221;below&#8221; parallax_effect=&#8221;on&#8221; parallax_method=&#8221;on&#8221; text_orientation=&#8221;left&#8221; text_color=&#8221;dark&#8221; text_background=&#8221;off&#8221; text_bg_color=&#8221;rgba(255,255,255,0.9)&#8221; module_bg_color=&#8221;rgba(255,255,255,0)&#8221; title_all_caps=&#8221;off&#8221; use_border_color=&#8221;off&#8221; border_color=&#8221;#ffffff&#8221; border_style=&#8221;solid&#8221; \/][\/et_pb_column][\/et_pb_row][et_pb_row][et_pb_column type=&#8221;4_4&#8243;][et_pb_blog admin_label=&#8221;Blog&#8221; fullwidth=&#8221;on&#8221; show_thumbnail=&#8221;off&#8221; show_content=&#8221;on&#8221; show_more=&#8221;on&#8221; show_author=&#8221;on&#8221; show_date=&#8221;on&#8221; show_categories=&#8221;on&#8221; show_pagination=&#8221;on&#8221; offset_number=&#8221;0&#8243; background_layout=&#8221;light&#8221; use_dropshadow=&#8221;off&#8221; use_border_color=&#8221;off&#8221; border_color=&#8221;#ffffff&#8221; border_style=&#8221;solid&#8221; include_categories=&#8221;4&#8243; \/][\/et_pb_column][\/et_pb_row][\/et_pb_section]<\/p>\n","protected":false},"excerpt":{"rendered":"<p>Anunt concurs muncitor de Cristian Neagu | dec. 20, 2020 | Informatii adminitrativ, Informatii didactice ANUNTDescarc\u0103 Hotarari CA nr. 4- nr. 10 de Cristian Neagu | dec. 20, 2020 | Informatii adminitrativ, Informatii didactice Hot.-CA-nr.4Descarc\u0103 HOT.-CA.-nr.5Descarc\u0103 Hot.-CA-nr.6Descarc\u0103 Hot.C-A-nr.7Descarc\u0103 Hot.-CA-nr.8Descarc\u0103 Hot-CA-nr.9Descarc\u0103 Hot-CA-nr.10Descarc\u0103 PROCEDURA PREDARE ONLINE de Cristian Neagu | nov. 13, 2020 | Informatii adminitrativ, Informatii [&hellip;]<\/p>\n","protected":false},"author":1,"featured_media":0,"parent":0,"menu_order":0,"comment_status":"open","ping_status":"open","template":"","meta":{"_et_pb_use_builder":"on","_et_pb_old_content":"","_et_gb_content_width":""},"_links":{"self":[{"href":"https:\/\/www.liceulsportivcampulung.ro\/index.php?rest_route=\/wp\/v2\/pages\/90"}],"collection":[{"href":"https:\/\/www.liceulsportivcampulung.ro\/index.php?rest_route=\/wp\/v2\/pages"}],"about":[{"href":"https:\/\/www.liceulsportivcampulung.ro\/index.php?rest_route=\/wp\/v2\/types\/page"}],"author":[{"embeddable":true,"href":"https:\/\/www.liceulsportivcampulung.ro\/index.php?rest_route=\/wp\/v2\/users\/1"}],"replies":[{"embeddable":true,"href":"https:\/\/www.liceulsportivcampulung.ro\/index.php?rest_route=%2Fwp%2Fv2%2Fcomments&post=90"}],"version-history":[{"count":12,"href":"https:\/\/www.liceulsportivcampulung.ro\/index.php?rest_route=\/wp\/v2\/pages\/90\/revisions"}],"predecessor-version":[{"id":272,"href":"https:\/\/www.liceulsportivcampulung.ro\/index.php?rest_route=\/wp\/v2\/pages\/90\/revisions\/272"}],"wp:attachment":[{"href":"https:\/\/www.liceulsportivcampulung.ro\/index.php?rest_route=%2Fwp%2Fv2%2Fmedia&parent=90"}],"curies":[{"name":"wp","href":"https:\/\/api.w.org\/{rel}","templated":true}]}}