{"id":75,"date":"2015-06-20T11:02:38","date_gmt":"2015-06-20T08:02:38","guid":{"rendered":"http:\/\/www.liceulsportivcampulung.ro\/?page_id=75"},"modified":"2015-06-22T21:04:58","modified_gmt":"2015-06-22T18:04:58","slug":"cadre-didactice","status":"publish","type":"page","link":"https:\/\/www.liceulsportivcampulung.ro\/?page_id=75","title":{"rendered":"Cadre didactice"},"content":{"rendered":"<p>[et_pb_section fullwidth=&#8221;off&#8221; specialty=&#8221;off&#8221;][et_pb_row][et_pb_column type=&#8221;1_2&#8243;][et_pb_text admin_label=&#8221;Text&#8221; background_layout=&#8221;light&#8221; text_orientation=&#8221;left&#8221; use_border_color=&#8221;off&#8221; border_color=&#8221;#ffffff&#8221; border_style=&#8221;solid&#8221;]<\/p>\n<p>TABEL NOMINAL CU<\/p>\n<p>\u00ceNV\u0102\u0162\u0102TORII \u015eI PROFESORII DIRIGIN\u0162I<\/p>\n<p>\u00ceN ANUL \u015eCOLAR 2014-2015<\/p>\n<p>\u00cenv\u0103\u0163\u0103tori:<\/p>\n<p>Clasa 0 POSTU Janina<\/p>\n<p>Clasa I AVRAM Alina Ileana<\/p>\n<p>Clasa II OPRESCU Simona<\/p>\n<p>Clasa III RO\u015eESCU Adriana<\/p>\n<p>Clasa IV C\u0102CIUL\u0102 Camelia Maria<\/p>\n<p>Profesori:<\/p>\n<p>Clasa V A VLAD Casiana Ramona<\/p>\n<p>Clasa VI A BUGHEANU Drago\u015f<\/p>\n<p>Clasa VI B DIA Bianca Elena<\/p>\n<p>Clasa VII A NEAGOE M\u0103d\u0103lina Elena<\/p>\n<p>Clasa VII B P\u0102CIOIANU Ion<\/p>\n<p>Clasa VIII A TUFAN Aurel<\/p>\n<p>Clasa VIII B TOMA Crinu\u0163a Florinela<\/p>\n<p>Clasa IX A CRE\u0162U Petru\u0163a<\/p>\n<p>Clasa IX B RUSU Doina<\/p>\n<p>Clasa X A DOROBAN\u0162U Ghiorghe<\/p>\n<p>Clasa X B IONESCU Costel<\/p>\n<p>Clasa XI A JAN\u0162\u0102 Florentina<\/p>\n<p>Clasa XI B P\u0102CIOANU Daniela Florina<\/p>\n<p>Clasa XII A LOVI\u015eTEANU Mariana<\/p>\n<p>Clasa XII B NICOAR\u0102 Mihaela<\/p>\n<p>APROBAT \u00ceN CONSILIUL DE ADMINISTRA\u0162IE \u00ceN DATA DE 03.09.2014<\/p>\n<p>[\/et_pb_text][\/et_pb_column][et_pb_column type=&#8221;1_2&#8243;][et_pb_image admin_label=&#8221;Imagine&#8221; src=&#8221;http:\/\/www.liceulsportivcampulung.ro\/wp-content\/uploads\/2015\/06\/logo3.png&#8221; show_in_lightbox=&#8221;off&#8221; url_new_window=&#8221;off&#8221; animation=&#8221;left&#8221; sticky=&#8221;off&#8221; align=&#8221;left&#8221; force_fullwidth=&#8221;off&#8221; always_center_on_mobile=&#8221;on&#8221; use_border_color=&#8221;off&#8221; border_color=&#8221;#ffffff&#8221; border_style=&#8221;solid&#8221; \/][et_pb_text admin_label=&#8221;Text&#8221; background_layout=&#8221;light&#8221; text_orientation=&#8221;left&#8221; use_border_color=&#8221;off&#8221; border_color=&#8221;#ffffff&#8221; border_style=&#8221;solid&#8221;]<\/p>\n<h2>Vede\u021bi \u0219i organigrama pentru anul \u0219colar 2014-2015:<\/h2>\n<h4><span style=\"color: #ff0000;\"><a style=\"color: #ff0000;\" href=\"http:\/\/www.liceulsportivcampulung.ro\/wp-content\/uploads\/2015\/06\/ORGANIGRAMA2014-2015.xls\">ORGANIGRAMA2014-2015<\/a><\/span><\/h4>\n<p>[\/et_pb_text][\/et_pb_column][\/et_pb_row][\/et_pb_section]<\/p>\n","protected":false},"excerpt":{"rendered":"<p>TABEL NOMINAL CU \u00ceNV\u0102\u0162\u0102TORII \u015eI PROFESORII DIRIGIN\u0162I \u00ceN ANUL \u015eCOLAR 2014-2015 \u00cenv\u0103\u0163\u0103tori: Clasa 0 POSTU Janina Clasa I AVRAM Alina Ileana Clasa II OPRESCU Simona Clasa III RO\u015eESCU Adriana Clasa IV C\u0102CIUL\u0102 Camelia Maria Profesori: Clasa V A VLAD Casiana Ramona Clasa VI A BUGHEANU Drago\u015f Clasa VI B DIA Bianca Elena Clasa VII A [&hellip;]<\/p>\n","protected":false},"author":1,"featured_media":0,"parent":0,"menu_order":0,"comment_status":"open","ping_status":"open","template":"","meta":{"_et_pb_use_builder":"on","_et_pb_old_content":"","_et_gb_content_width":""},"_links":{"self":[{"href":"https:\/\/www.liceulsportivcampulung.ro\/index.php?rest_route=\/wp\/v2\/pages\/75"}],"collection":[{"href":"https:\/\/www.liceulsportivcampulung.ro\/index.php?rest_route=\/wp\/v2\/pages"}],"about":[{"href":"https:\/\/www.liceulsportivcampulung.ro\/index.php?rest_route=\/wp\/v2\/types\/page"}],"author":[{"embeddable":true,"href":"https:\/\/www.liceulsportivcampulung.ro\/index.php?rest_route=\/wp\/v2\/users\/1"}],"replies":[{"embeddable":true,"href":"https:\/\/www.liceulsportivcampulung.ro\/index.php?rest_route=%2Fwp%2Fv2%2Fcomments&post=75"}],"version-history":[{"count":5,"href":"https:\/\/www.liceulsportivcampulung.ro\/index.php?rest_route=\/wp\/v2\/pages\/75\/revisions"}],"predecessor-version":[{"id":180,"href":"https:\/\/www.liceulsportivcampulung.ro\/index.php?rest_route=\/wp\/v2\/pages\/75\/revisions\/180"}],"wp:attachment":[{"href":"https:\/\/www.liceulsportivcampulung.ro\/index.php?rest_route=%2Fwp%2Fv2%2Fmedia&parent=75"}],"curies":[{"name":"wp","href":"https:\/\/api.w.org\/{rel}","templated":true}]}}