{"id":71,"date":"2015-06-20T11:01:15","date_gmt":"2015-06-20T08:01:15","guid":{"rendered":"http:\/\/www.liceulsportivcampulung.ro\/?page_id=71"},"modified":"2015-06-21T15:26:57","modified_gmt":"2015-06-21T12:26:57","slug":"baza-materiala","status":"publish","type":"page","link":"https:\/\/www.liceulsportivcampulung.ro\/?page_id=71","title":{"rendered":"Baz\u0103 material\u0103"},"content":{"rendered":"<p>[et_pb_section fullwidth=&#8221;off&#8221; specialty=&#8221;off&#8221;][et_pb_row][et_pb_column type=&#8221;1_3&#8243;][et_pb_image admin_label=&#8221;Imagine&#8221; src=&#8221;http:\/\/www.liceulsportivcampulung.ro\/wp-content\/uploads\/2015\/06\/baza1.jpg&#8221; show_in_lightbox=&#8221;off&#8221; url_new_window=&#8221;off&#8221; animation=&#8221;left&#8221; sticky=&#8221;off&#8221; align=&#8221;left&#8221; force_fullwidth=&#8221;off&#8221; always_center_on_mobile=&#8221;on&#8221; use_border_color=&#8221;off&#8221; border_color=&#8221;#ffffff&#8221; border_style=&#8221;solid&#8221; \/][et_pb_image admin_label=&#8221;Imagine&#8221; src=&#8221;http:\/\/www.liceulsportivcampulung.ro\/wp-content\/uploads\/2015\/06\/baza3.jpg&#8221; show_in_lightbox=&#8221;off&#8221; url_new_window=&#8221;off&#8221; animation=&#8221;left&#8221; sticky=&#8221;off&#8221; align=&#8221;left&#8221; force_fullwidth=&#8221;off&#8221; always_center_on_mobile=&#8221;on&#8221; use_border_color=&#8221;off&#8221; border_color=&#8221;#ffffff&#8221; border_style=&#8221;solid&#8221; \/][\/et_pb_column][et_pb_column type=&#8221;1_3&#8243;][et_pb_text admin_label=&#8221;Text&#8221; background_layout=&#8221;light&#8221; text_orientation=&#8221;left&#8221; use_border_color=&#8221;off&#8221; border_color=&#8221;#ffffff&#8221; border_style=&#8221;solid&#8221;]<\/p>\n<p>\u2022 16 s\u0103li de clas\u0103;<br \/>\n\u2022 4 cabinete : atletism, informatic\u0103, asisten\u0163\u0103 psihopedagogic\u0103, A.E.L.;<br \/>\n\u2022 3 laboratoare: fizic\u0103, biologie, chimie;<br \/>\n\u2022 cabinet medical \u015fcolar;<br \/>\n\u2022 cabinet stomatologic;<br \/>\n\u2022 biblioteca: peste 11870 volume;<br \/>\n\u2022 sala de jocuri sportive \u015fi for\u0163\u0103;<br \/>\n\u2022 pista acoperit\u0103 de atletism;<br \/>\n\u2022 stadion de atletism pentru antrenament;<br \/>\n\u2022 saun\u0103;<br \/>\n\u2022 internatul \u015fcolar cu o capacitate de 100;<br \/>\n\u2022 cantin\u0103, \u00een regim de autoservire;<br \/>\n\u2022 centrala termic\u0103 proprie, racordat\u0103 la re\u0163eaua de gaze.<\/p>\n<p>[\/et_pb_text][\/et_pb_column][et_pb_column type=&#8221;1_3&#8243;][et_pb_image admin_label=&#8221;Imagine&#8221; src=&#8221;http:\/\/www.liceulsportivcampulung.ro\/wp-content\/uploads\/2015\/06\/baza2.jpg&#8221; show_in_lightbox=&#8221;off&#8221; url_new_window=&#8221;off&#8221; animation=&#8221;left&#8221; sticky=&#8221;off&#8221; align=&#8221;left&#8221; force_fullwidth=&#8221;off&#8221; always_center_on_mobile=&#8221;on&#8221; use_border_color=&#8221;off&#8221; border_color=&#8221;#ffffff&#8221; border_style=&#8221;solid&#8221; \/][et_pb_image admin_label=&#8221;Imagine&#8221; src=&#8221;http:\/\/www.liceulsportivcampulung.ro\/wp-content\/uploads\/2015\/06\/baza4.jpg&#8221; show_in_lightbox=&#8221;off&#8221; url_new_window=&#8221;off&#8221; animation=&#8221;left&#8221; sticky=&#8221;off&#8221; align=&#8221;left&#8221; force_fullwidth=&#8221;off&#8221; always_center_on_mobile=&#8221;on&#8221; use_border_color=&#8221;off&#8221; border_color=&#8221;#ffffff&#8221; border_style=&#8221;solid&#8221; \/][\/et_pb_column][\/et_pb_row][\/et_pb_section]<\/p>\n","protected":false},"excerpt":{"rendered":"<p>\u2022 16 s\u0103li de clas\u0103; \u2022 4 cabinete : atletism, informatic\u0103, asisten\u0163\u0103 psihopedagogic\u0103, A.E.L.; \u2022 3 laboratoare: fizic\u0103, biologie, chimie; \u2022 cabinet medical \u015fcolar; \u2022 cabinet stomatologic; \u2022 biblioteca: peste 11870 volume; \u2022 sala de jocuri sportive \u015fi for\u0163\u0103; \u2022 pista acoperit\u0103 de atletism; \u2022 stadion de atletism pentru antrenament; \u2022 saun\u0103; \u2022 internatul \u015fcolar [&hellip;]<\/p>\n","protected":false},"author":1,"featured_media":0,"parent":0,"menu_order":2,"comment_status":"open","ping_status":"open","template":"","meta":{"_et_pb_use_builder":"on","_et_pb_old_content":"","_et_gb_content_width":""},"_links":{"self":[{"href":"https:\/\/www.liceulsportivcampulung.ro\/index.php?rest_route=\/wp\/v2\/pages\/71"}],"collection":[{"href":"https:\/\/www.liceulsportivcampulung.ro\/index.php?rest_route=\/wp\/v2\/pages"}],"about":[{"href":"https:\/\/www.liceulsportivcampulung.ro\/index.php?rest_route=\/wp\/v2\/types\/page"}],"author":[{"embeddable":true,"href":"https:\/\/www.liceulsportivcampulung.ro\/index.php?rest_route=\/wp\/v2\/users\/1"}],"replies":[{"embeddable":true,"href":"https:\/\/www.liceulsportivcampulung.ro\/index.php?rest_route=%2Fwp%2Fv2%2Fcomments&post=71"}],"version-history":[{"count":4,"href":"https:\/\/www.liceulsportivcampulung.ro\/index.php?rest_route=\/wp\/v2\/pages\/71\/revisions"}],"predecessor-version":[{"id":134,"href":"https:\/\/www.liceulsportivcampulung.ro\/index.php?rest_route=\/wp\/v2\/pages\/71\/revisions\/134"}],"wp:attachment":[{"href":"https:\/\/www.liceulsportivcampulung.ro\/index.php?rest_route=%2Fwp%2Fv2%2Fmedia&parent=71"}],"curies":[{"name":"wp","href":"https:\/\/api.w.org\/{rel}","templated":true}]}}